{"id":1503,"date":"2025-11-13T23:36:23","date_gmt":"2025-11-13T23:36:23","guid":{"rendered":"https:\/\/opticagaleno.com.ar\/?post_type=product&#038;p=1503"},"modified":"2025-11-13T23:36:52","modified_gmt":"2025-11-13T23:36:52","slug":"darjee-negro-rectangular","status":"publish","type":"product","link":"https:\/\/opticagaleno.com.ar\/index.php\/producto\/darjee-negro-rectangular\/","title":{"rendered":"Darjee Negro Rectangular"},"content":{"rendered":"<p><!-- TARJETA \u00b7 DARJEE \u00b7 ARMAZ\u00d3N DE RECETA --><\/p>\n<style>\n  .darjee-card {<br \/>    max-width: 480px;<br \/>    margin: 18px auto;<br \/>    padding: 20px 24px;<br \/>    border-radius: 16px;<br \/>    background: linear-gradient(135deg, #0f0f0f, #1c1c1c 45%, #121212);<br \/>    color: #f5f5f5;<br \/>    font-family: \"Poppins\", Arial, sans-serif;<br \/>    box-shadow: 0 16px 34px rgba(0,0,0,0.55);<br \/>    border: 1px solid rgba(255,255,255,0.07);<br \/>  }<\/p>\n<p>  .darjee-tag {<br \/>    display:inline-block;<br \/>    padding: 4px 14px;<br \/>    border-radius: 999px;<br \/>    font-size: 11px;<br \/>    text-transform: uppercase;<br \/>    letter-spacing: 1px;<br \/>    background: rgba(255,255,255,0.08);<br \/>    border: 1px solid rgba(255,255,255,0.18);<br \/>    margin-bottom: 10px;<br \/>  }<\/p>\n<p>  .darjee-title {<br \/>    font-size: 20px;<br \/>    font-weight: 700;<br \/>    margin-bottom: 6px;<br \/>  }<\/p>\n<p>  .darjee-highlight {<br \/>    color: #8cc9ff;<br \/>    font-weight: 600;<br \/>  }<\/p>\n<p>  .darjee-desc {<br \/>    font-size: 13px;<br \/>    line-height: 1.6;<br \/>    opacity: .92;<br \/>    margin-top: 10px;<br \/>  }<br \/><\/style>\n<div class=\"darjee-card\">\n<div class=\"darjee-tag\">ARMAZ\u00d3N DE RECETA<\/div>\n<h3 class=\"darjee-title\">Darjee <span class=\"darjee-highlight\">Negro Rectangular<\/span><\/h3>\n<p class=\"darjee-desc\">Armaz\u00f3n Darjee de acetato resistente con un dise\u00f1o rectangular amplio que<br \/>\nofrece comodidad y buena cobertura visual. Su acabado negro brillante aporta<br \/>\nun estilo cl\u00e1sico y vers\u00e1til, ideal para uso diario y cualquier tipo de<br \/>\nlentes recetados. Un modelo liviano, durable y f\u00e1cil de llevar.<\/p>\n<\/div>\n","protected":false},"excerpt":{"rendered":"<p>Armaz\u00f3n Darjee en acetato negro, dise\u00f1o rectangular amplio y c\u00f3modo. Un modelo liviano, resistente e ideal para lentes recetados o uso diario.<\/p>\n","protected":false},"featured_media":1504,"comment_status":"open","ping_status":"closed","template":"","meta":[],"product_brand":[49],"product_cat":[36,40],"product_tag":[],"class_list":{"0":"post-1503","1":"product","2":"type-product","3":"status-publish","4":"has-post-thumbnail","6":"product_brand-darjee","7":"product_cat-anteojos-opticos","8":"product_cat-unisex","10":"first","11":"instock","12":"shipping-taxable","13":"purchasable","14":"product-type-simple"},"yoast_head":"<!-- This site is optimized with the Yoast SEO plugin v27.2 - https:\/\/yoast.com\/product\/yoast-seo-wordpress\/ -->\n<title>Darjee Negro Rectangular -<\/title>\n<meta name=\"robots\" content=\"index, follow, max-snippet:-1, max-image-preview:large, max-video-preview:-1\" \/>\n<link rel=\"canonical\" href=\"https:\/\/opticagaleno.com.ar\/index.php\/producto\/darjee-negro-rectangular\/\" \/>\n<meta property=\"og:locale\" content=\"es_ES\" \/>\n<meta property=\"og:type\" content=\"article\" \/>\n<meta property=\"og:title\" content=\"Darjee Negro Rectangular -\" \/>\n<meta property=\"og:description\" content=\"Armaz\u00f3n Darjee en acetato negro, dise\u00f1o rectangular amplio y c\u00f3modo. Un modelo liviano, resistente e ideal para lentes recetados o uso diario.\" \/>\n<meta property=\"og:url\" content=\"https:\/\/opticagaleno.com.ar\/index.php\/producto\/darjee-negro-rectangular\/\" \/>\n<meta property=\"article:modified_time\" content=\"2025-11-13T23:36:52+00:00\" \/>\n<meta property=\"og:image\" content=\"https:\/\/opticagaleno.com.ar\/wp-content\/uploads\/2025\/11\/17.png\" \/>\n\t<meta property=\"og:image:width\" content=\"1080\" \/>\n\t<meta property=\"og:image:height\" content=\"1350\" \/>\n\t<meta property=\"og:image:type\" content=\"image\/png\" \/>\n<meta name=\"twitter:card\" content=\"summary_large_image\" \/>\n<meta name=\"twitter:label1\" content=\"Tiempo de lectura\" \/>\n\t<meta name=\"twitter:data1\" content=\"1 minuto\" \/>\n<script type=\"application\/ld+json\" class=\"yoast-schema-graph\">{\"@context\":\"https:\/\/schema.org\",\"@graph\":[{\"@type\":\"WebPage\",\"@id\":\"https:\/\/opticagaleno.com.ar\/index.php\/producto\/darjee-negro-rectangular\/\",\"url\":\"https:\/\/opticagaleno.com.ar\/index.php\/producto\/darjee-negro-rectangular\/\",\"name\":\"Darjee Negro Rectangular -\",\"isPartOf\":{\"@id\":\"https:\/\/opticagaleno.com.ar\/#website\"},\"primaryImageOfPage\":{\"@id\":\"https:\/\/opticagaleno.com.ar\/index.php\/producto\/darjee-negro-rectangular\/#primaryimage\"},\"image\":{\"@id\":\"https:\/\/opticagaleno.com.ar\/index.php\/producto\/darjee-negro-rectangular\/#primaryimage\"},\"thumbnailUrl\":\"https:\/\/opticagaleno.com.ar\/wp-content\/uploads\/2025\/11\/17.png\",\"datePublished\":\"2025-11-13T23:36:23+00:00\",\"dateModified\":\"2025-11-13T23:36:52+00:00\",\"breadcrumb\":{\"@id\":\"https:\/\/opticagaleno.com.ar\/index.php\/producto\/darjee-negro-rectangular\/#breadcrumb\"},\"inLanguage\":\"es\",\"potentialAction\":[{\"@type\":\"ReadAction\",\"target\":[\"https:\/\/opticagaleno.com.ar\/index.php\/producto\/darjee-negro-rectangular\/\"]}]},{\"@type\":\"ImageObject\",\"inLanguage\":\"es\",\"@id\":\"https:\/\/opticagaleno.com.ar\/index.php\/producto\/darjee-negro-rectangular\/#primaryimage\",\"url\":\"https:\/\/opticagaleno.com.ar\/wp-content\/uploads\/2025\/11\/17.png\",\"contentUrl\":\"https:\/\/opticagaleno.com.ar\/wp-content\/uploads\/2025\/11\/17.png\",\"width\":1080,\"height\":1350},{\"@type\":\"BreadcrumbList\",\"@id\":\"https:\/\/opticagaleno.com.ar\/index.php\/producto\/darjee-negro-rectangular\/#breadcrumb\",\"itemListElement\":[{\"@type\":\"ListItem\",\"position\":1,\"name\":\"Portada\",\"item\":\"https:\/\/opticagaleno.com.ar\/\"},{\"@type\":\"ListItem\",\"position\":2,\"name\":\"Shop\",\"item\":\"https:\/\/opticagaleno.com.ar\/index.php\/shop\/\"},{\"@type\":\"ListItem\",\"position\":3,\"name\":\"Darjee Negro Rectangular\"}]},{\"@type\":\"WebSite\",\"@id\":\"https:\/\/opticagaleno.com.ar\/#website\",\"url\":\"https:\/\/opticagaleno.com.ar\/\",\"name\":\"\",\"description\":\"\",\"potentialAction\":[{\"@type\":\"SearchAction\",\"target\":{\"@type\":\"EntryPoint\",\"urlTemplate\":\"https:\/\/opticagaleno.com.ar\/?s={search_term_string}\"},\"query-input\":{\"@type\":\"PropertyValueSpecification\",\"valueRequired\":true,\"valueName\":\"search_term_string\"}}],\"inLanguage\":\"es\"}]}<\/script>\n<!-- \/ Yoast SEO plugin. -->","yoast_head_json":{"title":"Darjee Negro Rectangular -","robots":{"index":"index","follow":"follow","max-snippet":"max-snippet:-1","max-image-preview":"max-image-preview:large","max-video-preview":"max-video-preview:-1"},"canonical":"https:\/\/opticagaleno.com.ar\/index.php\/producto\/darjee-negro-rectangular\/","og_locale":"es_ES","og_type":"article","og_title":"Darjee Negro Rectangular -","og_description":"Armaz\u00f3n Darjee en acetato negro, dise\u00f1o rectangular amplio y c\u00f3modo. Un modelo liviano, resistente e ideal para lentes recetados o uso diario.","og_url":"https:\/\/opticagaleno.com.ar\/index.php\/producto\/darjee-negro-rectangular\/","article_modified_time":"2025-11-13T23:36:52+00:00","og_image":[{"width":1080,"height":1350,"url":"https:\/\/opticagaleno.com.ar\/wp-content\/uploads\/2025\/11\/17.png","type":"image\/png"}],"twitter_card":"summary_large_image","twitter_misc":{"Tiempo de lectura":"1 minuto"},"schema":{"@context":"https:\/\/schema.org","@graph":[{"@type":"WebPage","@id":"https:\/\/opticagaleno.com.ar\/index.php\/producto\/darjee-negro-rectangular\/","url":"https:\/\/opticagaleno.com.ar\/index.php\/producto\/darjee-negro-rectangular\/","name":"Darjee Negro Rectangular -","isPartOf":{"@id":"https:\/\/opticagaleno.com.ar\/#website"},"primaryImageOfPage":{"@id":"https:\/\/opticagaleno.com.ar\/index.php\/producto\/darjee-negro-rectangular\/#primaryimage"},"image":{"@id":"https:\/\/opticagaleno.com.ar\/index.php\/producto\/darjee-negro-rectangular\/#primaryimage"},"thumbnailUrl":"https:\/\/opticagaleno.com.ar\/wp-content\/uploads\/2025\/11\/17.png","datePublished":"2025-11-13T23:36:23+00:00","dateModified":"2025-11-13T23:36:52+00:00","breadcrumb":{"@id":"https:\/\/opticagaleno.com.ar\/index.php\/producto\/darjee-negro-rectangular\/#breadcrumb"},"inLanguage":"es","potentialAction":[{"@type":"ReadAction","target":["https:\/\/opticagaleno.com.ar\/index.php\/producto\/darjee-negro-rectangular\/"]}]},{"@type":"ImageObject","inLanguage":"es","@id":"https:\/\/opticagaleno.com.ar\/index.php\/producto\/darjee-negro-rectangular\/#primaryimage","url":"https:\/\/opticagaleno.com.ar\/wp-content\/uploads\/2025\/11\/17.png","contentUrl":"https:\/\/opticagaleno.com.ar\/wp-content\/uploads\/2025\/11\/17.png","width":1080,"height":1350},{"@type":"BreadcrumbList","@id":"https:\/\/opticagaleno.com.ar\/index.php\/producto\/darjee-negro-rectangular\/#breadcrumb","itemListElement":[{"@type":"ListItem","position":1,"name":"Portada","item":"https:\/\/opticagaleno.com.ar\/"},{"@type":"ListItem","position":2,"name":"Shop","item":"https:\/\/opticagaleno.com.ar\/index.php\/shop\/"},{"@type":"ListItem","position":3,"name":"Darjee Negro Rectangular"}]},{"@type":"WebSite","@id":"https:\/\/opticagaleno.com.ar\/#website","url":"https:\/\/opticagaleno.com.ar\/","name":"","description":"","potentialAction":[{"@type":"SearchAction","target":{"@type":"EntryPoint","urlTemplate":"https:\/\/opticagaleno.com.ar\/?s={search_term_string}"},"query-input":{"@type":"PropertyValueSpecification","valueRequired":true,"valueName":"search_term_string"}}],"inLanguage":"es"}]}},"_links":{"self":[{"href":"https:\/\/opticagaleno.com.ar\/index.php\/wp-json\/wp\/v2\/product\/1503","targetHints":{"allow":["GET"]}}],"collection":[{"href":"https:\/\/opticagaleno.com.ar\/index.php\/wp-json\/wp\/v2\/product"}],"about":[{"href":"https:\/\/opticagaleno.com.ar\/index.php\/wp-json\/wp\/v2\/types\/product"}],"replies":[{"embeddable":true,"href":"https:\/\/opticagaleno.com.ar\/index.php\/wp-json\/wp\/v2\/comments?post=1503"}],"wp:featuredmedia":[{"embeddable":true,"href":"https:\/\/opticagaleno.com.ar\/index.php\/wp-json\/wp\/v2\/media\/1504"}],"wp:attachment":[{"href":"https:\/\/opticagaleno.com.ar\/index.php\/wp-json\/wp\/v2\/media?parent=1503"}],"wp:term":[{"taxonomy":"product_brand","embeddable":true,"href":"https:\/\/opticagaleno.com.ar\/index.php\/wp-json\/wp\/v2\/product_brand?post=1503"},{"taxonomy":"product_cat","embeddable":true,"href":"https:\/\/opticagaleno.com.ar\/index.php\/wp-json\/wp\/v2\/product_cat?post=1503"},{"taxonomy":"product_tag","embeddable":true,"href":"https:\/\/opticagaleno.com.ar\/index.php\/wp-json\/wp\/v2\/product_tag?post=1503"}],"curies":[{"name":"wp","href":"https:\/\/api.w.org\/{rel}","templated":true}]}}